{"id":3,"date":"2025-06-17T15:19:20","date_gmt":"2025-06-17T07:19:20","guid":{"rendered":"http:\/\/new.nblhplastic.com\/?page_id=3"},"modified":"2025-07-15T14:36:26","modified_gmt":"2025-07-15T06:36:26","slug":"politica-de-privacidad","status":"publish","type":"page","link":"https:\/\/www.linheplastic.com\/es\/politica-de-privacidad","title":{"rendered":"pol\u00edtica de privacidad"},"content":{"rendered":"<h1 class=\"ace-line heading-h1 wp-block-heading\" dir=\"auto\" style=\"text-align: center;\" data-node=\"true\"><strong><span class=\"lb\">Declaraci\u00f3n sobre la pol\u00edtica de privacidad del sitio web corporativo<\/span><\/strong><span data-string=\"true\" data-enter=\"true\" data-leaf=\"true\">\u200b<\/span><\/h1>\r\n<div dir=\"auto\" data-node=\"true\">\u00a0<\/div>\r\n<div class=\"ace-line\" dir=\"auto\" data-node=\"true\"><span data-leaf=\"true\"><span class=\"lb\">Ningbo Chaohe Plastic Co., Ltd (en lo sucesivo, \"nosotros\") se compromete a proteger la privacidad del usuario y a mantener la seguridad de la informaci\u00f3n del usuario. Con el fin de aclarar las normas de recopilaci\u00f3n y uso de la informaci\u00f3n, esta pol\u00edtica se formula para su comprensi\u00f3n y elecci\u00f3n.<\/span><\/span><\/div>\r\n<div class=\"ace-line\" dir=\"auto\" data-node=\"true\"><span data-string=\"true\" data-enter=\"true\" data-leaf=\"true\">\u200b<\/span><\/div>\r\n<div class=\"ace-line heading-h2\" dir=\"auto\" data-node=\"true\"><strong><span class=\"lb\">I. \u00c1mbito de aplicaci\u00f3n<\/span><\/strong><span data-string=\"true\" data-enter=\"true\" data-leaf=\"true\">\u200b<\/span><\/div>\r\n<div class=\"ace-line\" dir=\"auto\" data-node=\"true\"><span data-leaf=\"true\"><span class=\"lb\">Esta pol\u00edtica se aplica a todos los usuarios que visitan nuestro sitio web, lo que incluye, entre otras cosas, la consulta de informaci\u00f3n, el env\u00edo de consultas y el registro de afiliaci\u00f3n. Si utiliza enlaces de terceros para saltar a otras plataformas, sus pol\u00edticas de privacidad se definen por separado.<\/span><\/span><\/div>\r\n<div class=\"ace-line\" dir=\"auto\" data-node=\"true\"><span data-string=\"true\" data-enter=\"true\" data-leaf=\"true\">\u200b<\/span><\/div>\r\n<div class=\"ace-line heading-h2\" dir=\"auto\" data-node=\"true\"><strong><span class=\"lb\">II. Recogida de informaci\u00f3n<\/span><\/strong><span data-string=\"true\" data-enter=\"true\" data-leaf=\"true\">\u200b<\/span><\/div>\r\n<div class=\"ace-line\" dir=\"auto\" data-node=\"true\"><span data-leaf=\"true\"><span class=\"lb\">La informaci\u00f3n que recopilamos incluye:<\/span><\/span><\/div>\r\n<ul>\r\n<li class=\"ace-line\" dir=\"auto\" data-node=\"true\"><span data-leaf=\"true\"><span class=\"lb\">1. Informaci\u00f3n de contacto, como nombre, n\u00famero de tel\u00e9fono, direcci\u00f3n de correo electr\u00f3nico, etc., que haya facilitado voluntariamente;<\/span><\/span><\/li>\r\n<li class=\"ace-line\" dir=\"auto\" data-node=\"true\"><span data-leaf=\"true\"><span class=\"lb\">2. Datos de uso del sitio web, como p\u00e1ginas visitadas, tiempo de permanencia, etc;<\/span><\/span><\/li>\r\n<li class=\"ace-line\" dir=\"auto\" data-node=\"true\"><span data-leaf=\"true\"><span class=\"lb\">3. informaci\u00f3n del dispositivo, como la direcci\u00f3n IP, el tipo de navegador, etc.<\/span><\/span><\/li>\r\n<\/ul>\r\n<p><span data-leaf=\"true\"><span class=\"lb\">La informaci\u00f3n anterior es s\u00f3lo para la comunicaci\u00f3n empresarial y la optimizaci\u00f3n del servicio.<\/span><\/span><\/p>\r\n<div class=\"ace-line\" dir=\"auto\" data-node=\"true\"><span data-string=\"true\" data-enter=\"true\" data-leaf=\"true\">\u200b<\/span><\/div>\r\n<div class=\"ace-line heading-h2\" dir=\"auto\" data-node=\"true\"><strong><span class=\"lb\">III. Uso de la informaci\u00f3n<\/span><\/strong><span data-string=\"true\" data-enter=\"true\" data-leaf=\"true\">\u200b<\/span><\/div>\r\n<div class=\"ace-line\" dir=\"auto\" data-node=\"true\"><span data-leaf=\"true\"><span class=\"lb\">La informaci\u00f3n recopilada se utilizar\u00e1:<\/span><\/span><\/div>\r\n<ul>\r\n<li class=\"ace-line\" dir=\"auto\" data-node=\"true\"><span data-leaf=\"true\"><span class=\"lb\">1. Responder a sus consultas y necesidades;<\/span><\/span><\/li>\r\n<li class=\"ace-line\" dir=\"auto\" data-node=\"true\"><span data-leaf=\"true\"><span class=\"lb\">2. Proporcionar recomendaciones de servicio personalizadas;<\/span><\/span><\/li>\r\n<li class=\"ace-line\" dir=\"auto\" data-node=\"true\"><span data-leaf=\"true\"><span class=\"lb\">3. Mejora de la funcionalidad del sitio web y de la experiencia del usuario;<\/span><\/span><\/li>\r\n<li class=\"ace-line\" dir=\"auto\" data-node=\"true\"><span data-leaf=\"true\"><span class=\"lb\">4. Enviar notificaciones comerciales (puede darse de baja en cualquier momento).<\/span><\/span><\/li>\r\n<\/ul>\r\n<p><span data-leaf=\"true\"><span class=\"lb\">No utilizar nunca para ning\u00fan otro fin sin autorizaci\u00f3n.<\/span><\/span><\/p>\r\n<div class=\"ace-line\" dir=\"auto\" data-node=\"true\"><span data-string=\"true\" data-enter=\"true\" data-leaf=\"true\">\u200b<\/span><\/div>\r\n<div class=\"ace-line heading-h2\" dir=\"auto\" data-node=\"true\"><strong><span class=\"lb\">IV. Protecci\u00f3n de la informaci\u00f3n<\/span><\/strong><span data-string=\"true\" data-enter=\"true\" data-leaf=\"true\">\u200b<\/span><\/div>\r\n<div class=\"ace-line\" dir=\"auto\" data-node=\"true\"><span data-leaf=\"true\"><span class=\"lb\">Utilizamos m\u00faltiples medidas de seguridad para proteger la informaci\u00f3n:<\/span><\/span><\/div>\r\n<ul>\r\n<li class=\"ace-line\" dir=\"auto\" data-node=\"true\"><span data-leaf=\"true\"><span class=\"lb\">1. T\u00e9cnicas de cifrado para la transmisi\u00f3n de datos;<\/span><\/span><\/li>\r\n<li class=\"ace-line\" dir=\"auto\" data-node=\"true\"><span data-leaf=\"true\"><span class=\"lb\">2. Gesti\u00f3n jer\u00e1rquica de la autoridad;<\/span><\/span><\/li>\r\n<li class=\"ace-line\" dir=\"auto\" data-node=\"true\"><span data-leaf=\"true\"><span class=\"lb\">3. Auditor\u00edas de seguridad peri\u00f3dicas.<\/span><\/span><\/li>\r\n<li class=\"ace-line\" dir=\"auto\" data-node=\"true\"><span data-leaf=\"true\"><span class=\"lb\">Los empleados deben firmar un acuerdo de confidencialidad y ser\u00e1n responsables en caso de infracci\u00f3n.<\/span><\/span><\/li>\r\n<\/ul>\r\n<div class=\"ace-line\" dir=\"auto\" data-node=\"true\"><span data-string=\"true\" data-enter=\"true\" data-leaf=\"true\">\u200b<\/span><\/div>\r\n<div class=\"ace-line heading-h2\" dir=\"auto\" data-node=\"true\"><strong><span class=\"lb\">V. Intercambio de informaci\u00f3n<\/span><\/strong><span data-string=\"true\" data-enter=\"true\" data-leaf=\"true\">\u200b<\/span><\/div>\r\n<div class=\"ace-line\" dir=\"auto\" data-node=\"true\"><span data-leaf=\"true\"><span class=\"lb\">Sus datos nunca se revelar\u00e1n a terceros, salvo en las siguientes circunstancias:<\/span><\/span><\/div>\r\n<ul>\r\n<li class=\"ace-line\" dir=\"auto\" data-node=\"true\"><span data-leaf=\"true\"><span class=\"lb\">1. Obtener su autorizaci\u00f3n expresa;<\/span><\/span><\/li>\r\n<li class=\"ace-line\" dir=\"auto\" data-node=\"true\"><span data-leaf=\"true\"><span class=\"lb\">2. De conformidad con las leyes y reglamentos o a petici\u00f3n de las autoridades administrativas o judiciales;<\/span><\/span><\/li>\r\n<li class=\"ace-line\" dir=\"auto\" data-node=\"true\"><span data-leaf=\"true\"><span class=\"lb\">3. Proteger los intereses leg\u00edtimos de la empresa o el inter\u00e9s p\u00fablico.<\/span><\/span><\/li>\r\n<\/ul>\r\n<div class=\"ace-line\" dir=\"auto\" data-node=\"true\"><span data-string=\"true\" data-enter=\"true\" data-leaf=\"true\">\u200b<\/span><\/div>\r\n<div class=\"ace-line heading-h2\" dir=\"auto\" data-node=\"true\"><strong><span class=\"lb\">VI. Derechos de los usuarios<\/span><\/strong><span data-string=\"true\" data-enter=\"true\" data-leaf=\"true\">\u200b<\/span><\/div>\r\n<div class=\"ace-line\" dir=\"auto\" data-node=\"true\"><span data-leaf=\"true\"><span class=\"lb\">La ley le otorga los siguientes derechos:<\/span><\/span><\/div>\r\n<ul>\r\n<li class=\"ace-line\" dir=\"auto\" data-node=\"true\"><span data-leaf=\"true\"><span class=\"lb\">1. Acceso a la informaci\u00f3n personal;<\/span><\/span><\/li>\r\n<li class=\"ace-line\" dir=\"auto\" data-node=\"true\"><span data-leaf=\"true\"><span class=\"lb\">2. Solicitud de correcci\u00f3n de informaci\u00f3n err\u00f3nea;<\/span><\/span><\/li>\r\n<li class=\"ace-line\" dir=\"auto\" data-node=\"true\"><span data-leaf=\"true\"><span class=\"lb\">3. Solicitud de supresi\u00f3n de informaci\u00f3n redundante;<\/span><\/span><\/li>\r\n<li class=\"ace-line\" dir=\"auto\" data-node=\"true\"><span data-leaf=\"true\"><span class=\"lb\">4. Retirada de la autorizaci\u00f3n de uso de la informaci\u00f3n.<\/span><\/span><\/li>\r\n<\/ul>\r\n<div class=\"ace-line\" dir=\"auto\" data-node=\"true\"><span data-leaf=\"true\"><span class=\"lb\">El ejercicio de los derechos puede presentarse a trav\u00e9s del canal \"Contacto\" del sitio web oficial.<\/span><\/span><\/div>\r\n<div class=\"ace-line\" dir=\"auto\" data-node=\"true\"><strong>\u200b<\/strong><\/div>\r\n<div class=\"ace-line heading-h2\" dir=\"auto\" data-node=\"true\"><strong><span class=\"lb\">VII. Actualizaci\u00f3n de las pol\u00edticas<\/span><\/strong><span data-string=\"true\" data-enter=\"true\" data-leaf=\"true\">\u200b<\/span><\/div>\r\n<div class=\"ace-line\" dir=\"auto\" data-node=\"true\"><span data-leaf=\"true\"><span class=\"lb\">Esta pol\u00edtica se ajustar\u00e1 de acuerdo con los cambios en la normativa y el negocio, y se publicar\u00e1 en la p\u00e1gina de inicio del sitio web oficial despu\u00e9s de la actualizaci\u00f3n, y entrar\u00e1 en vigor despu\u00e9s de 7 d\u00edas de publicidad. Le recomendamos que revise esta pol\u00edtica con regularidad, y su uso continuado se considera una aprobaci\u00f3n de las actualizaciones.<\/span><\/span><\/div>\r\n<div class=\"ace-line\" dir=\"auto\" data-node=\"true\"><span data-string=\"true\" data-enter=\"true\" data-leaf=\"true\">\u200b<\/span><\/div>\r\n<div class=\"ace-line heading-h2\" dir=\"auto\" data-node=\"true\"><strong><span class=\"lb\">VIII. Informaci\u00f3n de contacto<\/span><\/strong><span data-string=\"true\" data-enter=\"true\" data-leaf=\"true\">\u200b<\/span><\/div>\r\n<div class=\"ace-line\" dir=\"auto\" data-node=\"true\"><span data-leaf=\"true\"><span class=\"lb\">Si tiene alguna pregunta sobre esta pol\u00edtica, puede ponerse en contacto con las siguientes personas:<\/span><\/span><span data-string=\"true\" data-enter=\"true\" data-leaf=\"true\">\u200b<\/span><\/div>\r\n<div class=\"ace-line list-div\" dir=\"auto\" data-node=\"true\">\r\n<ul class=\"list-bullet1 r-list r-list-bullet\">\r\n<li><span data-leaf=\"true\"><span class=\"lb\">Tel\u00e9fono: +86-574-88303209<\/span><\/span><span data-string=\"true\" data-enter=\"true\" data-leaf=\"true\">\u200b<\/span><\/li>\r\n<\/ul>\r\n<\/div>\r\n<div class=\"ace-line list-div\" dir=\"auto\" data-node=\"true\">\r\n<ul class=\"list-bullet1 r-list r-list-bullet\">\r\n<li><span data-leaf=\"true\"><span class=\"lb\">Correo electr\u00f3nico: zhangq@linheplastic.com<\/span><\/span><span data-string=\"true\" data-enter=\"true\" data-leaf=\"true\">\u200b<\/span><\/li>\r\n<\/ul>\r\n<\/div>\r\n<div class=\"ace-line list-div\" dir=\"auto\" data-node=\"true\">\r\n<ul class=\"list-bullet1 r-list r-list-bullet\">\r\n<li><span data-leaf=\"true\"><span class=\"lb\">Direcci\u00f3n: Room 1601, Lei Mengde Building, No.10, Lane 818, Qian Henan Road, Yinzhou District, Ningbo, Zhejiang, China.<\/span><\/span><span data-string=\"true\" data-enter=\"true\" data-leaf=\"true\">\u200b<\/span><\/li>\r\n<\/ul>\r\n<\/div>\r\n<div class=\"ace-line\" dir=\"auto\" data-node=\"true\"><span data-leaf=\"true\"><span class=\"lb\">Entrada en vigor: 1 de enero de 2025<\/span><\/span><\/div>","protected":false},"excerpt":{"rendered":"<p>\u4f01\u4e1a\u5b98\u7f51\u9690\u79c1\u653f\u7b56\u8bf4\u660e\u200b \u00a0 \u5b81\u6ce2\u8d85\u5408\u5851\u6599\u6709\u9650\u516c\u53f8\uff08\u4ee5\u4e0b\u7b80\u79f0 \u201c\u6211\u4eec\u201d\uff09\u81f4\u529b\u4e8e\u4fdd\u62a4\u7528\u6237\u9690\u79c1\uff0c\u7ef4\u62a4\u7528\u6237\u4fe1\u606f\u5b89\u5168\u3002\u4e3a [&hellip;]<\/p>","protected":false},"author":1,"featured_media":0,"parent":0,"menu_order":0,"comment_status":"closed","ping_status":"open","template":"single_ystk.php","meta":{"footnotes":""},"class_list":["post-3","page","type-page","status-publish","hentry"],"yoast_head":"<!-- This site is optimized with the Yoast SEO plugin v25.4 - https:\/\/yoast.com\/wordpress\/plugins\/seo\/ -->\n<title>\u9690\u79c1\u653f\u7b56 - \u5b81\u6ce2\u8d85\u5408\u5851\u6599\u6709\u9650\u516c\u53f8<\/title>\n<meta name=\"robots\" content=\"index, follow, max-snippet:-1, max-image-preview:large, max-video-preview:-1\" \/>\n<link rel=\"canonical\" href=\"https:\/\/www.nblhplastic.com\/ru\/\u043f\u043e\u043b\u0438\u0442\u0438\u043a\u0430-\u043a\u043e\u043d\u0444\u0438\u0434\u0435\u043d\u0446\u0438\u0430\u043b\u044c\u043d\u043e\u0441\u0442\u0438\" \/>\n<meta property=\"og:locale\" content=\"es_ES\" \/>\n<meta property=\"og:type\" content=\"article\" \/>\n<meta property=\"og:title\" content=\"\u9690\u79c1\u653f\u7b56 - \u5b81\u6ce2\u8d85\u5408\u5851\u6599\u6709\u9650\u516c\u53f8\" \/>\n<meta property=\"og:description\" content=\"\u4f01\u4e1a\u5b98\u7f51\u9690\u79c1\u653f\u7b56\u8bf4\u660e\u200b \u00a0 \u5b81\u6ce2\u8d85\u5408\u5851\u6599\u6709\u9650\u516c\u53f8\uff08\u4ee5\u4e0b\u7b80\u79f0 \u201c\u6211\u4eec\u201d\uff09\u81f4\u529b\u4e8e\u4fdd\u62a4\u7528\u6237\u9690\u79c1\uff0c\u7ef4\u62a4\u7528\u6237\u4fe1\u606f\u5b89\u5168\u3002\u4e3a [&hellip;]\" \/>\n<meta property=\"og:url\" content=\"https:\/\/www.nblhplastic.com\/ru\/\u043f\u043e\u043b\u0438\u0442\u0438\u043a\u0430-\u043a\u043e\u043d\u0444\u0438\u0434\u0435\u043d\u0446\u0438\u0430\u043b\u044c\u043d\u043e\u0441\u0442\u0438\" \/>\n<meta property=\"og:site_name\" content=\"\u5b81\u6ce2\u8d85\u5408\u5851\u6599\u6709\u9650\u516c\u53f8\" \/>\n<meta property=\"article:modified_time\" content=\"2025-07-15T06:36:26+00:00\" \/>\n<meta name=\"twitter:card\" content=\"summary_large_image\" \/>\n<meta name=\"twitter:label1\" content=\"Tiempo de lectura\" \/>\n\t<meta name=\"twitter:data1\" content=\"1 minuto\" \/>\n<script type=\"application\/ld+json\" class=\"yoast-schema-graph\">{\"@context\":\"https:\/\/schema.org\",\"@graph\":[{\"@type\":\"WebPage\",\"@id\":\"https:\/\/www.nblhplastic.com\/ru\/%d0%bf%d0%be%d0%bb%d0%b8%d1%82%d0%b8%d0%ba%d0%b0-%d0%ba%d0%be%d0%bd%d1%84%d0%b8%d0%b4%d0%b5%d0%bd%d1%86%d0%b8%d0%b0%d0%bb%d1%8c%d0%bd%d0%be%d1%81%d1%82%d0%b8\",\"url\":\"https:\/\/www.nblhplastic.com\/ru\/%d0%bf%d0%be%d0%bb%d0%b8%d1%82%d0%b8%d0%ba%d0%b0-%d0%ba%d0%be%d0%bd%d1%84%d0%b8%d0%b4%d0%b5%d0%bd%d1%86%d0%b8%d0%b0%d0%bb%d1%8c%d0%bd%d0%be%d1%81%d1%82%d0%b8\",\"name\":\"\u9690\u79c1\u653f\u7b56 - \u5b81\u6ce2\u8d85\u5408\u5851\u6599\u6709\u9650\u516c\u53f8\",\"isPartOf\":{\"@id\":\"https:\/\/www.chaoheplastic.com\/#website\"},\"datePublished\":\"2025-06-17T07:19:20+00:00\",\"dateModified\":\"2025-07-15T06:36:26+00:00\",\"breadcrumb\":{\"@id\":\"https:\/\/www.nblhplastic.com\/ru\/%d0%bf%d0%be%d0%bb%d0%b8%d1%82%d0%b8%d0%ba%d0%b0-%d0%ba%d0%be%d0%bd%d1%84%d0%b8%d0%b4%d0%b5%d0%bd%d1%86%d0%b8%d0%b0%d0%bb%d1%8c%d0%bd%d0%be%d1%81%d1%82%d0%b8#breadcrumb\"},\"inLanguage\":\"es\",\"potentialAction\":[{\"@type\":\"ReadAction\",\"target\":[\"https:\/\/www.nblhplastic.com\/ru\/%d0%bf%d0%be%d0%bb%d0%b8%d1%82%d0%b8%d0%ba%d0%b0-%d0%ba%d0%be%d0%bd%d1%84%d0%b8%d0%b4%d0%b5%d0%bd%d1%86%d0%b8%d0%b0%d0%bb%d1%8c%d0%bd%d0%be%d1%81%d1%82%d0%b8\"]}]},{\"@type\":\"BreadcrumbList\",\"@id\":\"https:\/\/www.nblhplastic.com\/ru\/%d0%bf%d0%be%d0%bb%d0%b8%d1%82%d0%b8%d0%ba%d0%b0-%d0%ba%d0%be%d0%bd%d1%84%d0%b8%d0%b4%d0%b5%d0%bd%d1%86%d0%b8%d0%b0%d0%bb%d1%8c%d0%bd%d0%be%d1%81%d1%82%d0%b8#breadcrumb\",\"itemListElement\":[{\"@type\":\"ListItem\",\"position\":1,\"name\":\"\u9996\u9875\",\"item\":\"https:\/\/www.chaoheplastic.com\/\"},{\"@type\":\"ListItem\",\"position\":2,\"name\":\"\u9690\u79c1\u653f\u7b56\"}]},{\"@type\":\"WebSite\",\"@id\":\"https:\/\/www.chaoheplastic.com\/#website\",\"url\":\"https:\/\/www.chaoheplastic.com\/\",\"name\":\"\u5b81\u6ce2\u8d85\u5408\u5851\u6599\u6709\u9650\u516c\u53f8\",\"description\":\"\u5b81\u6ce2\u8d85\u5408\u5851\u6599\u6709\u9650\u516c\u53f8\u4f01\u4e1a\u5b98\u7f51\",\"publisher\":{\"@id\":\"https:\/\/www.chaoheplastic.com\/#organization\"},\"potentialAction\":[{\"@type\":\"SearchAction\",\"target\":{\"@type\":\"EntryPoint\",\"urlTemplate\":\"https:\/\/www.chaoheplastic.com\/?s={search_term_string}\"},\"query-input\":{\"@type\":\"PropertyValueSpecification\",\"valueRequired\":true,\"valueName\":\"search_term_string\"}}],\"inLanguage\":\"es\"},{\"@type\":\"Organization\",\"@id\":\"https:\/\/www.chaoheplastic.com\/#organization\",\"name\":\"\u5b81\u6ce2\u8d85\u5408\u5851\u6599\u6709\u9650\u516c\u53f8\",\"url\":\"https:\/\/www.chaoheplastic.com\/\",\"logo\":{\"@type\":\"ImageObject\",\"inLanguage\":\"es\",\"@id\":\"https:\/\/www.chaoheplastic.com\/#\/schema\/logo\/image\/\",\"url\":\"\/wp-content\/uploads\/2025\/06\/a028c7592e2e591b297bbd1505f7c62d.png\",\"contentUrl\":\"\/wp-content\/uploads\/2025\/06\/a028c7592e2e591b297bbd1505f7c62d.png\",\"width\":350,\"height\":77,\"caption\":\"\u5b81\u6ce2\u8d85\u5408\u5851\u6599\u6709\u9650\u516c\u53f8\"},\"image\":{\"@id\":\"https:\/\/www.chaoheplastic.com\/#\/schema\/logo\/image\/\"}}]}<\/script>\n<!-- \/ Yoast SEO plugin. -->","yoast_head_json":{"title":"\u9690\u79c1\u653f\u7b56 - \u5b81\u6ce2\u8d85\u5408\u5851\u6599\u6709\u9650\u516c\u53f8","robots":{"index":"index","follow":"follow","max-snippet":"max-snippet:-1","max-image-preview":"max-image-preview:large","max-video-preview":"max-video-preview:-1"},"canonical":"https:\/\/www.nblhplastic.com\/ru\/\u043f\u043e\u043b\u0438\u0442\u0438\u043a\u0430-\u043a\u043e\u043d\u0444\u0438\u0434\u0435\u043d\u0446\u0438\u0430\u043b\u044c\u043d\u043e\u0441\u0442\u0438","og_locale":"es_ES","og_type":"article","og_title":"\u9690\u79c1\u653f\u7b56 - \u5b81\u6ce2\u8d85\u5408\u5851\u6599\u6709\u9650\u516c\u53f8","og_description":"\u4f01\u4e1a\u5b98\u7f51\u9690\u79c1\u653f\u7b56\u8bf4\u660e\u200b \u00a0 \u5b81\u6ce2\u8d85\u5408\u5851\u6599\u6709\u9650\u516c\u53f8\uff08\u4ee5\u4e0b\u7b80\u79f0 \u201c\u6211\u4eec\u201d\uff09\u81f4\u529b\u4e8e\u4fdd\u62a4\u7528\u6237\u9690\u79c1\uff0c\u7ef4\u62a4\u7528\u6237\u4fe1\u606f\u5b89\u5168\u3002\u4e3a [&hellip;]","og_url":"https:\/\/www.nblhplastic.com\/ru\/\u043f\u043e\u043b\u0438\u0442\u0438\u043a\u0430-\u043a\u043e\u043d\u0444\u0438\u0434\u0435\u043d\u0446\u0438\u0430\u043b\u044c\u043d\u043e\u0441\u0442\u0438","og_site_name":"\u5b81\u6ce2\u8d85\u5408\u5851\u6599\u6709\u9650\u516c\u53f8","article_modified_time":"2025-07-15T06:36:26+00:00","twitter_card":"summary_large_image","twitter_misc":{"Tiempo de lectura":"1 minuto"},"schema":{"@context":"https:\/\/schema.org","@graph":[{"@type":"WebPage","@id":"https:\/\/www.nblhplastic.com\/ru\/%d0%bf%d0%be%d0%bb%d0%b8%d1%82%d0%b8%d0%ba%d0%b0-%d0%ba%d0%be%d0%bd%d1%84%d0%b8%d0%b4%d0%b5%d0%bd%d1%86%d0%b8%d0%b0%d0%bb%d1%8c%d0%bd%d0%be%d1%81%d1%82%d0%b8","url":"https:\/\/www.nblhplastic.com\/ru\/%d0%bf%d0%be%d0%bb%d0%b8%d1%82%d0%b8%d0%ba%d0%b0-%d0%ba%d0%be%d0%bd%d1%84%d0%b8%d0%b4%d0%b5%d0%bd%d1%86%d0%b8%d0%b0%d0%bb%d1%8c%d0%bd%d0%be%d1%81%d1%82%d0%b8","name":"\u9690\u79c1\u653f\u7b56 - \u5b81\u6ce2\u8d85\u5408\u5851\u6599\u6709\u9650\u516c\u53f8","isPartOf":{"@id":"https:\/\/www.chaoheplastic.com\/#website"},"datePublished":"2025-06-17T07:19:20+00:00","dateModified":"2025-07-15T06:36:26+00:00","breadcrumb":{"@id":"https:\/\/www.nblhplastic.com\/ru\/%d0%bf%d0%be%d0%bb%d0%b8%d1%82%d0%b8%d0%ba%d0%b0-%d0%ba%d0%be%d0%bd%d1%84%d0%b8%d0%b4%d0%b5%d0%bd%d1%86%d0%b8%d0%b0%d0%bb%d1%8c%d0%bd%d0%be%d1%81%d1%82%d0%b8#breadcrumb"},"inLanguage":"es","potentialAction":[{"@type":"ReadAction","target":["https:\/\/www.nblhplastic.com\/ru\/%d0%bf%d0%be%d0%bb%d0%b8%d1%82%d0%b8%d0%ba%d0%b0-%d0%ba%d0%be%d0%bd%d1%84%d0%b8%d0%b4%d0%b5%d0%bd%d1%86%d0%b8%d0%b0%d0%bb%d1%8c%d0%bd%d0%be%d1%81%d1%82%d0%b8"]}]},{"@type":"BreadcrumbList","@id":"https:\/\/www.nblhplastic.com\/ru\/%d0%bf%d0%be%d0%bb%d0%b8%d1%82%d0%b8%d0%ba%d0%b0-%d0%ba%d0%be%d0%bd%d1%84%d0%b8%d0%b4%d0%b5%d0%bd%d1%86%d0%b8%d0%b0%d0%bb%d1%8c%d0%bd%d0%be%d1%81%d1%82%d0%b8#breadcrumb","itemListElement":[{"@type":"ListItem","position":1,"name":"\u9996\u9875","item":"https:\/\/www.chaoheplastic.com\/"},{"@type":"ListItem","position":2,"name":"\u9690\u79c1\u653f\u7b56"}]},{"@type":"WebSite","@id":"https:\/\/www.chaoheplastic.com\/#website","url":"https:\/\/www.chaoheplastic.com\/","name":"\u5b81\u6ce2\u8d85\u5408\u5851\u6599\u6709\u9650\u516c\u53f8","description":"\u5b81\u6ce2\u8d85\u5408\u5851\u6599\u6709\u9650\u516c\u53f8\u4f01\u4e1a\u5b98\u7f51","publisher":{"@id":"https:\/\/www.chaoheplastic.com\/#organization"},"potentialAction":[{"@type":"SearchAction","target":{"@type":"EntryPoint","urlTemplate":"https:\/\/www.chaoheplastic.com\/?s={search_term_string}"},"query-input":{"@type":"PropertyValueSpecification","valueRequired":true,"valueName":"search_term_string"}}],"inLanguage":"es"},{"@type":"Organization","@id":"https:\/\/www.chaoheplastic.com\/#organization","name":"\u5b81\u6ce2\u8d85\u5408\u5851\u6599\u6709\u9650\u516c\u53f8","url":"https:\/\/www.chaoheplastic.com\/","logo":{"@type":"ImageObject","inLanguage":"es","@id":"https:\/\/www.chaoheplastic.com\/#\/schema\/logo\/image\/","url":"\/wp-content\/uploads\/2025\/06\/a028c7592e2e591b297bbd1505f7c62d.png","contentUrl":"\/wp-content\/uploads\/2025\/06\/a028c7592e2e591b297bbd1505f7c62d.png","width":350,"height":77,"caption":"\u5b81\u6ce2\u8d85\u5408\u5851\u6599\u6709\u9650\u516c\u53f8"},"image":{"@id":"https:\/\/www.chaoheplastic.com\/#\/schema\/logo\/image\/"}}]}},"jetpack_sharing_enabled":true,"_links":{"self":[{"href":"https:\/\/www.linheplastic.com\/es\/wp-json\/wp\/v2\/pages\/3","targetHints":{"allow":["GET"]}}],"collection":[{"href":"https:\/\/www.linheplastic.com\/es\/wp-json\/wp\/v2\/pages"}],"about":[{"href":"https:\/\/www.linheplastic.com\/es\/wp-json\/wp\/v2\/types\/page"}],"author":[{"embeddable":true,"href":"https:\/\/www.linheplastic.com\/es\/wp-json\/wp\/v2\/users\/1"}],"replies":[{"embeddable":true,"href":"https:\/\/www.linheplastic.com\/es\/wp-json\/wp\/v2\/comments?post=3"}],"version-history":[{"count":3,"href":"https:\/\/www.linheplastic.com\/es\/wp-json\/wp\/v2\/pages\/3\/revisions"}],"predecessor-version":[{"id":380,"href":"https:\/\/www.linheplastic.com\/es\/wp-json\/wp\/v2\/pages\/3\/revisions\/380"}],"wp:attachment":[{"href":"https:\/\/www.linheplastic.com\/es\/wp-json\/wp\/v2\/media?parent=3"}],"curies":[{"name":"wp","href":"https:\/\/api.w.org\/{rel}","templated":true}]}}